{"id":348,"date":"2025-10-21T11:27:15","date_gmt":"2025-10-21T17:27:15","guid":{"rendered":"https:\/\/hemovista.com\/?page_id=348"},"modified":"2025-10-21T16:16:43","modified_gmt":"2025-10-21T22:16:43","slug":"filosofia","status":"publish","type":"page","link":"https:\/\/hemovista.com\/en\/filosofia\/","title":{"rendered":"Our Strategy"},"content":{"rendered":"<p>[et_pb_section fb_built=&#8221;1&#8243; admin_label=&#8221;Header&#8221; _builder_version=&#8221;4.27.2&#8243; _module_preset=&#8221;default&#8221; custom_padding=&#8221;0px||0px||true|false&#8221; locked=&#8221;off&#8221; collapsed=&#8221;on&#8221; global_colors_info=&#8221;{}&#8221;][et_pb_row column_structure=&#8221;1_2,1_2&#8243; use_custom_gutter=&#8221;on&#8221; gutter_width=&#8221;1&#8243; make_equal=&#8221;on&#8221; _builder_version=&#8221;4.27.2&#8243; _module_preset=&#8221;default&#8221; background_color=&#8221;#366db4&#8243; background_enable_pattern_style=&#8221;on&#8221; background_pattern_style=&#8221;honeycomb&#8221; background_pattern_color=&#8221;rgba(255,255,255,0.06)&#8221; width=&#8221;100%&#8221; max_width=&#8221;100%&#8221; custom_padding=&#8221;0px||0px||true|false&#8221; global_colors_info=&#8221;{}&#8221;][et_pb_column type=&#8221;1_2&#8243; _builder_version=&#8221;4.18.0&#8243; _module_preset=&#8221;default&#8221; custom_padding=&#8221;10%|4%|10%|8%|true|false&#8221; global_colors_info=&#8221;{}&#8221;][et_pb_text _builder_version=&#8221;4.27.2&#8243; _module_preset=&#8221;c16985e1-e0d6-4022-964d-e2bfc04fa633&#8243; header_font=&#8221;IBM Plex Sans Condensed||||||||&#8221; header_text_color=&#8221;#FFFFFF&#8221; header_font_size=&#8221;50px&#8221; header_line_height=&#8221;1.1em&#8221; custom_margin=&#8221;||30px||false|false&#8221; header_font_size_tablet=&#8221;40px&#8221; header_font_size_phone=&#8221;24px&#8221; header_font_size_last_edited=&#8221;on|desktop&#8221; global_colors_info=&#8221;{}&#8221;]<\/p>\n<h1>Nuestra Filosof\u00eda<\/h1>\n<p>[\/et_pb_text][et_pb_text _builder_version=&#8221;4.27.2&#8243; _module_preset=&#8221;1f09816e-184e-4ce5-a4cf-b39c52c423ca&#8221; text_font=&#8221;IBM Plex Sans||||||||&#8221; text_text_color=&#8221;#FFFFFF&#8221; text_font_size=&#8221;16px&#8221; text_line_height=&#8221;1.8em&#8221; custom_margin=&#8221;||30px||false|false&#8221; text_font_size_tablet=&#8221;15px&#8221; text_font_size_phone=&#8221;14px&#8221; text_font_size_last_edited=&#8221;on|phone&#8221; header_font_size_tablet=&#8221;55px&#8221; header_font_size_last_edited=&#8221;off|desktop&#8221; global_colors_info=&#8221;{}&#8221;]<\/p>\n<p style=\"text-align: justify;\"><strong>At HEMOVISTA we truly believe in doing what we enjoy, in social well-being, in doing what it is right and in the growth of people; We seek to have an inclusive team that allows equal opportunities for all.<\/strong><\/p>\n<p style=\"text-align: justify;\">We seek to provide solutions for both scientific research and clinical analysis laboratories.<\/p>\n<p style=\"text-align: justify;\">We implement a<span>\u00a0<\/span><strong>linkage program with Universities<\/strong><span>\u00a0<\/span>that allows High Performance students to develop professional practices that lead to their degree thesis with a real project, obtain professional experience and be forge under our tutelage; in this way we create a seedbed of Professionals who have a comprehensive approach to the Medical Devices' life cycle.<\/p>\n<p>[\/et_pb_text][\/et_pb_column][et_pb_column type=&#8221;1_2&#8243; _builder_version=&#8221;4.27.2&#8243; _module_preset=&#8221;default&#8221; background_image=&#8221;https:\/\/hemovista.com\/wp-content\/uploads\/2020\/04\/hemovista-inlcuyentes.jpg&#8221; parallax=&#8221;on&#8221; global_colors_info=&#8221;{}&#8221;][et_pb_divider show_divider=&#8221;off&#8221; _builder_version=&#8221;4.18.0&#8243; _module_preset=&#8221;default&#8221; height_tablet=&#8221;40vw&#8221; height_phone=&#8221;40vw&#8221; height_last_edited=&#8221;on|desktop&#8221; global_colors_info=&#8221;{}&#8221;][\/et_pb_divider][\/et_pb_column][\/et_pb_row][et_pb_row _builder_version=&#8221;4.27.2&#8243; _module_preset=&#8221;default&#8221; custom_margin=&#8221;100px||100px||false|false&#8221; global_colors_info=&#8221;{}&#8221;][et_pb_column type=&#8221;4_4&#8243; _builder_version=&#8221;4.27.2&#8243; _module_preset=&#8221;default&#8221; global_colors_info=&#8221;{}&#8221;][et_pb_text _builder_version=&#8221;4.27.2&#8243; _module_preset=&#8221;default&#8221; text_font=&#8221;IBM Plex Sans||||||||&#8221; text_text_color=&#8221;#0C71C3&#8243; custom_margin=&#8221;30px||10px||false|false&#8221; global_colors_info=&#8221;{}&#8221;]<\/p>\n<p>APOYO A EMPRENDEDORES<\/p>\n<p>[\/et_pb_text][et_pb_text _builder_version=&#8221;4.27.2&#8243; _module_preset=&#8221;default&#8221; text_font=&#8221;IBM Plex Sans||||||||&#8221; text_text_color=&#8221;#111111&#8243; text_font_size=&#8221;16px&#8221; custom_margin=&#8221;5px||30px||false|false&#8221; global_colors_info=&#8221;{}&#8221;]<\/p>\n<p><span>We generate a\u00a0<\/span><strong>reserved volume Marketing project that allows Micro and small enterprises<\/strong><span>\u00a0to develop a marketing business of diagnostic agents, placing within their reach a product of the highest quality with an EXCLUSIVE commercial reference, allowing them to develop\u00a0<\/span><b>their brand<span>\u00a0<\/span><\/b><span>and introduce it to distribution channels according to their business strategies.<\/span><\/p>\n<p>[\/et_pb_text][\/et_pb_column][\/et_pb_row][\/et_pb_section]<\/p>","protected":false},"excerpt":{"rendered":"<p>Nuestra Filosof\u00edaEn HEMOVISTA verdaderamente creemos en hacer lo que nos gusta, en el bienestar social, en hacer lo correcto y en el crecimiento de las personas; buscamos tener un equipo incluyente que permita igualdad de oportunidades. Buscamos proporcionar soluciones tanto para la investigaci\u00f3n cient\u00edfica, as\u00ed como para laboratorios de an\u00e1lisis cl\u00ednicos. Implementamos un\u00a0programa de vinculaci\u00f3n [&hellip;]<\/p>","protected":false},"author":1,"featured_media":0,"parent":0,"menu_order":0,"comment_status":"closed","ping_status":"closed","template":"","meta":{"_et_pb_use_builder":"on","_et_pb_old_content":"","_et_gb_content_width":"","footnotes":""},"class_list":["post-348","page","type-page","status-publish","hentry"],"_links":{"self":[{"href":"https:\/\/hemovista.com\/en\/wp-json\/wp\/v2\/pages\/348","targetHints":{"allow":["GET"]}}],"collection":[{"href":"https:\/\/hemovista.com\/en\/wp-json\/wp\/v2\/pages"}],"about":[{"href":"https:\/\/hemovista.com\/en\/wp-json\/wp\/v2\/types\/page"}],"author":[{"embeddable":true,"href":"https:\/\/hemovista.com\/en\/wp-json\/wp\/v2\/users\/1"}],"replies":[{"embeddable":true,"href":"https:\/\/hemovista.com\/en\/wp-json\/wp\/v2\/comments?post=348"}],"version-history":[{"count":6,"href":"https:\/\/hemovista.com\/en\/wp-json\/wp\/v2\/pages\/348\/revisions"}],"predecessor-version":[{"id":401,"href":"https:\/\/hemovista.com\/en\/wp-json\/wp\/v2\/pages\/348\/revisions\/401"}],"wp:attachment":[{"href":"https:\/\/hemovista.com\/en\/wp-json\/wp\/v2\/media?parent=348"}],"curies":[{"name":"wp","href":"https:\/\/api.w.org\/{rel}","templated":true}]}}