{"id":215,"date":"2020-04-28T11:54:59","date_gmt":"2020-04-28T16:54:59","guid":{"rendered":"https:\/\/hemovista.com\/?page_id=215"},"modified":"2023-08-01T11:45:57","modified_gmt":"2023-08-01T17:45:57","slug":"privacidad","status":"publish","type":"page","link":"https:\/\/hemovista.com\/en\/privacidad\/","title":{"rendered":"Aviso de Privacidad"},"content":{"rendered":"<p>[et_pb_section fb_built=&#8221;1&#8243; _builder_version=&#8221;4.16&#8243; background_color=&#8221;#0493b8&#8243; global_colors_info=&#8221;{}&#8221;][et_pb_row _builder_version=&#8221;4.16&#8243; global_colors_info=&#8221;{}&#8221;][et_pb_column type=&#8221;4_4&#8243; _builder_version=&#8221;4.16&#8243; global_colors_info=&#8221;{}&#8221;][et_pb_text _builder_version=&#8221;4.16&#8243; text_text_color=&#8221;#FFFFFF&#8221; text_font_size=&#8221;41px&#8221; text_line_height=&#8221;1.8em&#8221; global_colors_info=&#8221;{}&#8221;]<\/p>\n<p style=\"text-align: center;\">PRIVACY POLICY<\/p>\n<p>[\/et_pb_text][\/et_pb_column][\/et_pb_row][\/et_pb_section][et_pb_section fb_built=&#8221;1&#8243; _builder_version=&#8221;4.16&#8243; use_background_color_gradient=&#8221;on&#8221; background_color_gradient_stops=&#8221;#ffffff 0%|#efefef 100%&#8221; background_color_gradient_start=&#8221;#ffffff&#8221; background_color_gradient_end=&#8221;#efefef&#8221; global_colors_info=&#8221;{}&#8221;][et_pb_row _builder_version=&#8221;4.16&#8243; global_colors_info=&#8221;{}&#8221;][et_pb_column type=&#8221;4_4&#8243; _builder_version=&#8221;4.16&#8243; background_color=&#8221;#f4f4f4&#8243; global_colors_info=&#8221;{}&#8221;][et_pb_text _builder_version=&#8221;4.20.2&#8243; text_font_size=&#8221;16px&#8221; background_color=&#8221;rgba(0,0,0,0)&#8221; custom_padding=&#8221;20px|20px|20px|20px|false|false&#8221; hover_enabled=&#8221;0&#8243; global_colors_info=&#8221;{}&#8221; sticky_enabled=&#8221;0&#8243;]<\/p>\n<p><span style=\"color: #808080;\"><strong>DATA PRIVACY POLICY<u><br \/><\/u>IN POSSESSION OF INDIVIDUALS<u><br \/><\/u>Salud Integral, S. de R.L. DE C.V.<u><br \/><\/u><\/strong><strong>Hemovista.com<\/strong><\/span><\/p>\n<p><span style=\"color: #808080; font-size: 18px;\"><\/span><\/p>\n<p><span style=\"color: #808080;\"><span style=\"font-size: 18px;\">This notice is delivered in compliance with the applicable provisions of the\u00a0<\/span><strong style=\"font-size: 18px;\">Ley Federal de Protecci\u00f3n de Datos Personales en Posesi\u00f3n de Particulares\u00a0<\/strong><span style=\"font-size: 18px;\">(Hereinafter the\u00a0<\/span><strong style=\"font-size: 18px;\">\"Law\"<\/strong><span style=\"font-size: 18px;\">) in order to inform you of the use that will be given to the information you provide, as well as the way in which you can limit the use of said data. You can access the content of the Law through the portals that the Federal Government, through the Ministry of the Interior, and the Chamber of Deputies of the H. Congress of the Union have on the internet and whose addresses are http:\/\/www.ordenjuridico.gob.mx and http:\/\/www.diputados.gob.mx<\/span><\/span><\/p>\n<p><span style=\"color: #808080;\">Salud Integral, S. de R.L. de C.V. (en adelante \u201cSISW\u201d), con domicilio ubicado en Prolongaci\u00f3n Industria Textil 8, Colonia Parque Industrial Naucalpan. Naucalpan de Ju\u00e1rez. Estado de M\u00e9xico. C.P. 53489, con t\u00e9lefono (55) 52514447, en su caso, tratar\u00e1 los siguientes Datos Personales de los visitantes de nuestro sitio Web y\/o usuarios de nuestros Servicios (en adelante el \u201cTitular\u201d): <strong>i)<\/strong>\u00a0Contact Data,\u00a0<strong>ii)\u00a0<\/strong>Identification Data,\u00a0<strong>iii)<\/strong>\u00a0Patrimonial Data,\u00a0<strong>iv)\u00a0<\/strong>Sensitive Personal Data.<\/span><\/p>\n<p><span style=\"color: #808080;\">SISW has the conviction and philosophy of maintaining constant and active communication with our users. Unless otherwise notified or instructed by the Owner, he consents to the processing of his Personal Data within and outside the United Mexican States in terms of this Privacy Notice and understands that they may be handled and \/ or transferred directly or indirectly by SISW, and \/ or or third party service providers and \/ or our business partners, as well as, where appropriate, competent authorities within the applicable legal framework.<\/span><\/p>\n<p><span style=\"color: #808080;\"><strong>PURPOSES OF THE TREATMENT<\/strong><\/span><\/p>\n<p><span style=\"color: #808080;\">The treatment of the Personal Data of the Owner comprises the following purposes:<\/span><\/p>\n<ul>\n<li><span style=\"color: #808080;\">To be contacted and send information in order to follow up on the requests, suggestions, claims and \/ or any other request of the Owner or to carry out technical update actions on the products or services that he had acquired, to create a business relationship, follow up and maintain communication in general.<\/span><\/li>\n<li><span style=\"color: #808080;\">To be contacted and send information to publicize promotions, information from our business partners, offer you our products or services, send advertising regarding products and services, including any commercial, marketing, statistical and prospecting actions aimed at said purposes.<\/span><\/li>\n<li><span style=\"color: #808080;\">Subscription to the home delivery program, online shopping and billing.<\/span><\/li>\n<li><span style=\"color: #808080;\">Comply with the SISW obligations mentioned in the Terms and Conditions.<\/span><\/li>\n<\/ul>\n<p><span style=\"color: #808080;\">SISW will only protect on a server and will not access Personal Data, but may send them to a third party in order to comply with the obligations derived from the Terms and Conditions.<\/span><\/p>\n<p><span style=\"color: #808080;\">To prevent unauthorized access to the Personal Data of the Owner and in order to ensure that the information is used for the purposes established in this Privacy Notice, the options and means that we have established are, in general, the same ones that we use for our own data and documents, by electronic means.<\/span><\/p>\n<p><span style=\"color: #808080;\">Similarly, the data you provide may be used to improve the quality of SISW services and \/ or products; reason why it will be able to put itself in contact with you to carry out surveys on the matter.<\/span><\/p>\n<p><span style=\"color: #808080;\">Los datos personales que recaba SISW, tales como: nombre, domicilio, fecha de nacimiento, orientaci\u00f3n sexual, identidad de g\u00e9nero, n\u00fameros telef\u00f3nicos fijos o celulares, correos electr\u00f3nicos, etc. son tratados como datos sensibles . Esta informaci\u00f3n se solicita al momento de generar el mensaje de contacto en nuestra p\u00e1gina de internet y aplicaciones laborales.<\/span><\/p>\n<p><span style=\"color: #808080;\">SISW will collect sensitive personal data in accordance with the provisions of the Federal Law on Protection of Personal Data Held by Individuals, which are related to their health status and genetic condition. By clicking \"I accept\", you agree that your sensitive personal data be used for the aforementioned purposes.<\/span><\/p>\n<p><span style=\"color: #808080;\">Any SISW personnel who have access to your personal data will keep strict confidentiality regarding them.<\/span><\/p>\n<p><span style=\"color: #808080;\"><strong><\/strong><\/span><\/p>\n<p><span style=\"color: #808080;\"><strong>MEANS TO EXERCISE THE RIGHTS OF ACCESS, RECTIFICATION, CANCELLATION AND OPPOSITION TO PERSONAL DATA PROVIDED BY YOU<\/strong><\/span><\/p>\n<p><span style=\"color: #808080;\"><span style=\"font-size: 18px;\">You can at all times:\u00a0<\/span><strong style=\"font-size: 18px;\">(i)<\/strong><span style=\"font-size: 18px;\">\u00a0access your personal data,\u00a0<\/span><strong style=\"font-size: 18px;\">(ii)<\/strong><span style=\"font-size: 18px;\">\u00a0rectify them when they are inaccurate or incomplete,\u00a0<\/span><strong style=\"font-size: 18px;\">(iii)<\/strong><span style=\"font-size: 18px;\">\u00a0cancel them or\u00a0<\/span><strong style=\"font-size: 18px;\">(iv)<\/strong><span style=\"font-size: 18px;\">\u00a0oppose the use that SISW gives them, for which you will have to send an email to the address\u00a0<\/span><u style=\"font-size: 18px;\"><a href=\"mailto:legal@hemovista.com\" style=\"color: #808080;\">legal@hemovista.com<\/a><\/u><span style=\"font-size: 18px;\">, a request with, at least, the following information:<\/span><\/span><\/p>\n<ol>\n<li><span style=\"color: #808080;\">Full name, address or other means to communicate the response of your request.<\/span><\/li>\n<li><span style=\"color: #808080;\">A clear description of the respective personal data from which you seek to exercise the rights of access, rectification, cancellation and \/ or opposition.<\/span><\/li>\n<li><span style=\"color: #808080;\">Documents that prove your identity as the owner of personal data, and<\/span><\/li>\n<li><span style=\"color: #808080;\">Any other document or element that facilitates the location of the personal data object of your request.<\/span><\/li>\n<\/ol>\n<p><span style=\"color: #808080;\">Likewise, if the owner wishes, he may limit the use of his data or the disclosure thereof.<\/span><\/p>\n<p><span style=\"color: #808080;\">If the personal data object of the request made has been delivered to a third party, prior to the date of your request for access, rectification, opposition or cancellation, SISW undertakes to inform said third parties of your request so that they may proceed to process it.<\/span><\/p>\n<p><span style=\"color: #808080;\">In the same way, through these channels, the Owner may update their data and specify the means by which they wish to receive information, since in case of not having this specification on their part, SISW will establish the channel that it considers pertinent to send information.<\/span><\/p>\n<p><span style=\"color: #808080;\">All changes to the terms and conditions of this Privacy Notice will be made through an electronic procedure and will be published on our website\u00a0<a href=\"https:\/\/hemovista.com\/en\/privacidad\/\" style=\"color: #808080;\">https:\/\/hemovista.com\/privacidad\/<\/a>\u00a0so that the owner is always aware of the current version of this Privacy Notice.<\/span><\/p>\n<p><span style=\"color: #808080;\"><strong style=\"font-size: 18px;\"><\/strong><\/span><\/p>\n<p><span style=\"color: #808080;\"><strong style=\"font-size: 18px;\">REASONS TO DENY ACCESS, RECTIFICATION, OPPOSITION AND CANCELLATION OF PERSONAL DATA BY YOU PROVIDED<\/strong><\/span><\/p>\n<p><span style=\"font-size: 18px; color: #808080;\"><\/span><\/p>\n<p><span style=\"color: #808080;\"><span style=\"font-size: 18px;\">SISW may deny you:\u00a0<\/span><strong style=\"font-size: 18px;\">(i)<\/strong><span style=\"font-size: 18px;\">\u00a0access to personal data,\u00a0<\/span><strong style=\"font-size: 18px;\">(ii)<\/strong><span style=\"font-size: 18px;\">\u00a0to ratify them,\u00a0<\/span><strong style=\"font-size: 18px;\">(iii)<\/strong><span style=\"font-size: 18px;\">\u00a0to cancel them or\u00a0<\/span><strong style=\"font-size: 18px;\">(iv)<\/strong><span style=\"font-size: 18px;\">\u00a0opposition to their use in the following cases:<\/span><\/span><\/p>\n<ul>\n<li><span style=\"color: #808080;\">When you are not the owner of the personal data you are requesting.<\/span><\/li>\n<li><span style=\"color: #808080;\">When the personal data requested by you is not found in our databases.<\/span><\/li>\n<li><span style=\"color: #808080;\">When the rights of a third party could be affected.<\/span><\/li>\n<li><span style=\"color: #808080;\">When there is a legal impediment or the resolution of a competent authority in this regard, and<\/span><\/li>\n<li><span style=\"color: #808080;\">When the rectification, cancellation or opposition has been previously carried out.<\/span><\/li>\n<\/ul>\n<p><span style=\"color: #808080;\">In any of the aforementioned cases, SISW will inform you of the reason for its refusal within a period not exceeding 20 (twenty) days.<\/span><\/p>\n<p><span style=\"color: #808080;\"><strong>DATA REFERRALS<\/strong><\/span><\/p>\n<p><span style=\"color: #808080;\">In this act, you authorize SISW to forward your personal data to any national or foreign third party, so that it can comply with each and every one of the uses for which you delivered your personal data in accordance with the second section of this Notice of Privacy.<\/span><\/p>\n<p><span style=\"color: #808080;\">The foregoing in the understanding that SISW will not be responsible for the use that this third party gives to personal data.<\/span><\/p>\n<p><span style=\"color: #808080;\">In the event that you wish to limit or cancel your consent so that SISW can carry out the transfer of data, you must submit your request in writing to that effect, at the address mentioned in the first section of this notice.<\/span><\/p>\n<p><span style=\"color: #808080;\"><strong>USE OF COOKIES<\/strong><\/span><\/p>\n<p><span style=\"color: #808080;\">The user knows and accepts the use of cookies as a monitoring system within the internet portal in order to allow SISW to know their interests, purchasing behavior, demographics and thus understand their needs and interests and provide a better service to users of our internet portal and present promotions and products according to the line of interest, the above by collecting the IP address, browser type and specific pages within the website to which you had access.<\/span><\/p>\n<p><span style=\"color: #808080;\">It is established that the installation, permanence and existence of Cookies on the User's or visitor's computer equipment or device depends on their sole will and can be removed from their computer equipment or device when they so wish. To know how to remove Cookies from the system, it is necessary to review the help section of the browser used by the User on their computer or device.<\/span><\/p>\n<p><span style=\"color: #808080;\"><strong>SECURITY OF YOUR PERSONAL DATA<\/strong><\/span><\/p>\n<p><span style=\"color: #808080;\">SISW will adopt the necessary and sufficient measures to protect all the personal data that you provide us, as well as to guarantee that this privacy notice is respected at all times.<\/span><\/p>\n<p><span style=\"color: #808080;\">SISW will take administrative, technical and physical security measures to protect personal data against damage, loss, alteration, destruction or unauthorized use, access or treatment.<\/span><\/p>\n<p><span style=\"color: #808080;\">SISW does not guarantee the security of personal data that you make public or that is lost, altered, destroyed or improperly used by third parties outside your direct or indirect personnel, as well as in cases of fortuitous or force majeure.<\/span><\/p>\n<p><span style=\"color: #808080;\">Any SISW personnel who have access to your personal data will keep strict confidentiality regarding them.<\/span><\/p>\n<p><span style=\"color: #808080;\"><strong>CANCELLATION OF YOUR PERSONAL DATA<\/strong><\/span><\/p>\n<p><span style=\"color: #808080;\">When the personal data you provide is no longer necessary for the fulfillment of the purposes contemplated in this privacy notice, they will be canceled.<\/span><\/p>\n<p><span style=\"color: #808080;\"><strong>CHANGES TO THIS PRIVACY NOTICE<\/strong><\/span><\/p>\n<p><span style=\"color: #808080;\">\u00a0<span style=\"font-size: 18px;\">SISW reserves the right to modify this Privacy Notice without prior notice and may be consulted on the website\u00a0<\/span><a href=\"https:\/\/hemovista.com\/en\/privacidad\/\" style=\"font-size: 18px; color: #808080;\">https:\/\/hemovista.com\/privacidad\/ .<\/a><\/span><\/p>\n<p><span style=\"color: #808080;\">\u00a0<\/span><\/p>\n<p>[\/et_pb_text][\/et_pb_column][\/et_pb_row][\/et_pb_section]<\/p>","protected":false},"excerpt":{"rendered":"<p>AVISO DE PRIVACIDADAVISO DE PRIVACIDAD DE DATOSEN POSESI\u00d3N DE LOS PARTICULARESSalud Integral, S. de R.L. DE C.V.Hemovista.com El presente aviso se entrega en cumplimiento a las disposiciones aplicables de la\u00a0Ley Federal de Protecci\u00f3n de Datos Personales en Posesi\u00f3n de Particulares\u00a0(En lo sucesivo la\u00a0\u201cLey\u201d) con la finalidad de informarle el uso que se dar\u00e1 a la [&hellip;]<\/p>","protected":false},"author":1,"featured_media":0,"parent":0,"menu_order":0,"comment_status":"closed","ping_status":"closed","template":"","meta":{"_et_pb_use_builder":"on","_et_pb_old_content":"","_et_gb_content_width":"","footnotes":""},"class_list":["post-215","page","type-page","status-publish","hentry"],"_links":{"self":[{"href":"https:\/\/hemovista.com\/en\/wp-json\/wp\/v2\/pages\/215","targetHints":{"allow":["GET"]}}],"collection":[{"href":"https:\/\/hemovista.com\/en\/wp-json\/wp\/v2\/pages"}],"about":[{"href":"https:\/\/hemovista.com\/en\/wp-json\/wp\/v2\/types\/page"}],"author":[{"embeddable":true,"href":"https:\/\/hemovista.com\/en\/wp-json\/wp\/v2\/users\/1"}],"replies":[{"embeddable":true,"href":"https:\/\/hemovista.com\/en\/wp-json\/wp\/v2\/comments?post=215"}],"version-history":[{"count":10,"href":"https:\/\/hemovista.com\/en\/wp-json\/wp\/v2\/pages\/215\/revisions"}],"predecessor-version":[{"id":287,"href":"https:\/\/hemovista.com\/en\/wp-json\/wp\/v2\/pages\/215\/revisions\/287"}],"wp:attachment":[{"href":"https:\/\/hemovista.com\/en\/wp-json\/wp\/v2\/media?parent=215"}],"curies":[{"name":"wp","href":"https:\/\/api.w.org\/{rel}","templated":true}]}}